{"id":22741,"date":"2022-11-24T14:52:31","date_gmt":"2022-11-24T13:52:31","guid":{"rendered":"https:\/\/se.mer.eco\/mer\/terms-and-conditions\/terms-and-conditions\/allmanna-forsaljningsvillkor-naringsidkare\/"},"modified":"2023-11-07T10:19:21","modified_gmt":"2023-11-07T09:19:21","slug":"general-sales-conditions-business","status":"publish","type":"page","link":"https:\/\/se.mer.eco\/en\/mer\/terms-and-conditions\/terms-and-conditions\/general-sales-conditions-business\/","title":{"rendered":"Allm\u00e4nna f\u00f6rs\u00e4ljningsvillkor n\u00e4ringsidkare"},"content":{"rendered":"","protected":false},"excerpt":{"rendered":"","protected":false},"author":11,"featured_media":0,"parent":21506,"menu_order":0,"comment_status":"closed","ping_status":"closed","template":"tpl-flexible.php","meta":{"_acf_changed":false,"content-type":"","footnotes":""},"class_list":["post-22741","page","type-page","status-publish","hentry"],"acf":[],"_links":{"self":[{"href":"https:\/\/se.mer.eco\/en\/wp-json\/wp\/v2\/pages\/22741","targetHints":{"allow":["GET"]}}],"collection":[{"href":"https:\/\/se.mer.eco\/en\/wp-json\/wp\/v2\/pages"}],"about":[{"href":"https:\/\/se.mer.eco\/en\/wp-json\/wp\/v2\/types\/page"}],"author":[{"embeddable":true,"href":"https:\/\/se.mer.eco\/en\/wp-json\/wp\/v2\/users\/11"}],"replies":[{"embeddable":true,"href":"https:\/\/se.mer.eco\/en\/wp-json\/wp\/v2\/comments?post=22741"}],"version-history":[{"count":1,"href":"https:\/\/se.mer.eco\/en\/wp-json\/wp\/v2\/pages\/22741\/revisions"}],"predecessor-version":[{"id":22742,"href":"https:\/\/se.mer.eco\/en\/wp-json\/wp\/v2\/pages\/22741\/revisions\/22742"}],"up":[{"embeddable":true,"href":"https:\/\/se.mer.eco\/en\/wp-json\/wp\/v2\/pages\/21506"}],"wp:attachment":[{"href":"https:\/\/se.mer.eco\/en\/wp-json\/wp\/v2\/media?parent=22741"}],"curies":[{"name":"wp","href":"https:\/\/api.w.org\/{rel}","templated":true}]}}